{"id":80,"date":"2019-10-18T13:31:29","date_gmt":"2019-10-18T13:31:29","guid":{"rendered":"https:\/\/www.capoeira.lv\/?page_id=80"},"modified":"2025-11-01T07:10:02","modified_gmt":"2025-11-01T07:10:02","slug":"nodarbibas","status":"publish","type":"page","link":"https:\/\/www.capoeira.lv\/?page_id=80","title":{"rendered":"Nodarb\u012bbas"},"content":{"rendered":"\n<p><br><strong>Jaunie\u0161iem\/pieaugu\u0161ajiem<\/strong> <br><strong>\u0100genskaln\u0101 Jelgavas iel\u0101 40 <br><\/strong>Otrdien\u0101s \u2013 19:00-20:30<br>Sestdien\u0101s \u2013 <em>12:00-13:30<\/em><br><strong><br><\/strong><\/p>\n\n\n\n<p><\/p>\n\n\n\n<p><br><\/p>\n","protected":false},"excerpt":{"rendered":"<p>Jaunie\u0161iem\/pieaugu\u0161ajiem \u0100genskaln\u0101 Jelgavas iel\u0101 40 Otrdien\u0101s \u2013 19:00-20:30Sestdien\u0101s \u2013 12:00-13:30<\/p>\n","protected":false},"author":1,"featured_media":0,"parent":0,"menu_order":0,"comment_status":"closed","ping_status":"closed","template":"","meta":{"footnotes":""},"class_list":["post-80","page","type-page","status-publish","hentry"],"_links":{"self":[{"href":"https:\/\/www.capoeira.lv\/index.php?rest_route=\/wp\/v2\/pages\/80","targetHints":{"allow":["GET"]}}],"collection":[{"href":"https:\/\/www.capoeira.lv\/index.php?rest_route=\/wp\/v2\/pages"}],"about":[{"href":"https:\/\/www.capoeira.lv\/index.php?rest_route=\/wp\/v2\/types\/page"}],"author":[{"embeddable":true,"href":"https:\/\/www.capoeira.lv\/index.php?rest_route=\/wp\/v2\/users\/1"}],"replies":[{"embeddable":true,"href":"https:\/\/www.capoeira.lv\/index.php?rest_route=%2Fwp%2Fv2%2Fcomments&post=80"}],"version-history":[{"count":21,"href":"https:\/\/www.capoeira.lv\/index.php?rest_route=\/wp\/v2\/pages\/80\/revisions"}],"predecessor-version":[{"id":226,"href":"https:\/\/www.capoeira.lv\/index.php?rest_route=\/wp\/v2\/pages\/80\/revisions\/226"}],"wp:attachment":[{"href":"https:\/\/www.capoeira.lv\/index.php?rest_route=%2Fwp%2Fv2%2Fmedia&parent=80"}],"curies":[{"name":"wp","href":"https:\/\/api.w.org\/{rel}","templated":true}]}}