{"id":51,"date":"2019-07-23T08:17:27","date_gmt":"2019-07-23T08:17:27","guid":{"rendered":"https:\/\/www.capoeira.lv\/?page_id=51"},"modified":"2019-07-31T06:50:53","modified_gmt":"2019-07-31T06:50:53","slug":"capoeira","status":"publish","type":"page","link":"https:\/\/www.capoeira.lv\/?page_id=51","title":{"rendered":"Capoeira"},"content":{"rendered":"\n<p>Capoeira ir m\u0101kslas forma, kas sev\u012b iek\u013cauj kust\u012bbu, m\u016bziku un praktisk\u0101s filozofijas elementus. Capoeiras b\u016bt\u012bbu visl\u0101b\u0101k var izbaud\u012bt \u201csp\u0113l\u0113jot \u201d fizisku sp\u0113li, kuru sauc\u00a0<em>Jogo de capoeira\u00a0<\/em>(capoeiras sp\u0113le) vai vienk\u0101r\u0161i\u00a0<em>jogo (<\/em>Sp\u0113l\u0113t).\u00a0\u00a0\u0160aj\u0101 tradicion\u0101laj\u0101 c\u012b\u0146\u0101 divi\u00a0<em>capoeiristas<\/em>\u00a0(capoeiras sp\u0113l\u0113t\u0101ji) apmain\u0101s ar uzbrukuma un izvair\u012b\u0161anas kust\u012bb\u0101m, konstant\u0101 pl\u016bsm\u0101 piekopjot nepiecie\u0161amos manierismus un ritu\u0101lus. Abi sp\u0113l\u0113t\u0101ji ce\u0161as kontrol\u0113t sp\u0113les telpu ar sitieniem k\u0101 ar\u012b, mulsinot savu partneri ar m\u0101\u0146kust\u012bb\u0101m. Sp\u0113les laika\u00a0<em>capoeiristas\u00a0<\/em>p\u0101rbauda savu sp\u0113ku, veiklumu, bailes un nogurumu, izaicino\u0161\u0101 personisk\u0101 izpausm\u0113 un izaugsm\u0113.\u00a0<br>Capoeras sp\u0113le var sast\u0101v\u0113t no sarez\u0123\u012bt\u0101m akrob\u0101tisk\u0101m sekvenc\u0113m un kombin\u0101cij\u0101m k\u0101 ar\u012b no vienk\u0101r\u0161\u0101m kust\u012bb\u0101m pl\u016bsto\u0161\u0101 sasp\u0113l\u0113.\u00a0\u00a0 <\/p>\n","protected":false},"excerpt":{"rendered":"<p>Capoeira ir m\u0101kslas forma, kas sev\u012b iek\u013cauj kust\u012bbu, m\u016bziku un praktisk\u0101s filozofijas elementus. Capoeiras b\u016bt\u012bbu visl\u0101b\u0101k var izbaud\u012bt \u201csp\u0113l\u0113jot \u201d fizisku sp\u0113li, kuru sauc\u00a0Jogo de capoeira\u00a0(capoeiras sp\u0113le) vai vienk\u0101r\u0161i\u00a0jogo (Sp\u0113l\u0113t).\u00a0\u00a0\u0160aj\u0101&#8230; <a href=\"https:\/\/www.capoeira.lv\/?page_id=51\">Read more &raquo;<\/a><\/p>\n","protected":false},"author":1,"featured_media":0,"parent":53,"menu_order":0,"comment_status":"closed","ping_status":"closed","template":"","meta":{"footnotes":""},"class_list":["post-51","page","type-page","status-publish","hentry"],"_links":{"self":[{"href":"https:\/\/www.capoeira.lv\/index.php?rest_route=\/wp\/v2\/pages\/51","targetHints":{"allow":["GET"]}}],"collection":[{"href":"https:\/\/www.capoeira.lv\/index.php?rest_route=\/wp\/v2\/pages"}],"about":[{"href":"https:\/\/www.capoeira.lv\/index.php?rest_route=\/wp\/v2\/types\/page"}],"author":[{"embeddable":true,"href":"https:\/\/www.capoeira.lv\/index.php?rest_route=\/wp\/v2\/users\/1"}],"replies":[{"embeddable":true,"href":"https:\/\/www.capoeira.lv\/index.php?rest_route=%2Fwp%2Fv2%2Fcomments&post=51"}],"version-history":[{"count":3,"href":"https:\/\/www.capoeira.lv\/index.php?rest_route=\/wp\/v2\/pages\/51\/revisions"}],"predecessor-version":[{"id":71,"href":"https:\/\/www.capoeira.lv\/index.php?rest_route=\/wp\/v2\/pages\/51\/revisions\/71"}],"up":[{"embeddable":true,"href":"https:\/\/www.capoeira.lv\/index.php?rest_route=\/wp\/v2\/pages\/53"}],"wp:attachment":[{"href":"https:\/\/www.capoeira.lv\/index.php?rest_route=%2Fwp%2Fv2%2Fmedia&parent=51"}],"curies":[{"name":"wp","href":"https:\/\/api.w.org\/{rel}","templated":true}]}}