{"id":5,"date":"2019-06-26T07:55:38","date_gmt":"2019-06-26T07:55:38","guid":{"rendered":"https:\/\/www.capoeira.lv\/wordpress\/?page_id=5"},"modified":"2025-11-01T07:16:50","modified_gmt":"2025-11-01T07:16:50","slug":"capoeira-lv","status":"publish","type":"page","link":"https:\/\/www.capoeira.lv\/","title":{"rendered":"CAPOEIRA"},"content":{"rendered":"\n<h2 class=\"wp-block-heading has-text-align-center\">Uz\u0146emam jaunus dal\u012bbniekus!<\/h2>\n\n\n\n<figure class=\"wp-block-image size-large\"><img loading=\"lazy\" decoding=\"async\" width=\"820\" height=\"312\" src=\"https:\/\/www.capoeira.lv\/wp-content\/uploads\/2023\/09\/229591655_4608477125843550_2159162165712576287_n.jpg\" alt=\"\" class=\"wp-image-214\" srcset=\"https:\/\/www.capoeira.lv\/wp-content\/uploads\/2023\/09\/229591655_4608477125843550_2159162165712576287_n.jpg 820w, https:\/\/www.capoeira.lv\/wp-content\/uploads\/2023\/09\/229591655_4608477125843550_2159162165712576287_n-300x114.jpg 300w, https:\/\/www.capoeira.lv\/wp-content\/uploads\/2023\/09\/229591655_4608477125843550_2159162165712576287_n-768x292.jpg 768w, https:\/\/www.capoeira.lv\/wp-content\/uploads\/2023\/09\/229591655_4608477125843550_2159162165712576287_n-624x237.jpg 624w\" sizes=\"auto, (max-width: 820px) 100vw, 820px\" \/><\/figure>\n\n\n\n<p class=\"has-text-align-left\">Aicin\u0101m jaunie\u0161us un pieaugu\u0161os pievienoties Capoeiras<a href=\"https:\/\/www.capoeira.lv\/?page_id=80\"> nodarb\u012bb\u0101m<\/a> P\u0101rdaugav\u0101, <strong>Jelgavas iel\u0101 40<\/strong>.<\/p>\n\n\n\n<p><\/p>\n\n\n\n<p><\/p>\n\n\n\n<p><\/p>\n","protected":false},"excerpt":{"rendered":"<p>Uz\u0146emam jaunus dal\u012bbniekus! Aicin\u0101m jaunie\u0161us un pieaugu\u0161os pievienoties Capoeiras nodarb\u012bb\u0101m P\u0101rdaugav\u0101, Jelgavas iel\u0101 40.<\/p>\n","protected":false},"author":1,"featured_media":0,"parent":0,"menu_order":0,"comment_status":"closed","ping_status":"closed","template":"","meta":{"footnotes":""},"class_list":["post-5","page","type-page","status-publish","hentry"],"_links":{"self":[{"href":"https:\/\/www.capoeira.lv\/index.php?rest_route=\/wp\/v2\/pages\/5","targetHints":{"allow":["GET"]}}],"collection":[{"href":"https:\/\/www.capoeira.lv\/index.php?rest_route=\/wp\/v2\/pages"}],"about":[{"href":"https:\/\/www.capoeira.lv\/index.php?rest_route=\/wp\/v2\/types\/page"}],"author":[{"embeddable":true,"href":"https:\/\/www.capoeira.lv\/index.php?rest_route=\/wp\/v2\/users\/1"}],"replies":[{"embeddable":true,"href":"https:\/\/www.capoeira.lv\/index.php?rest_route=%2Fwp%2Fv2%2Fcomments&post=5"}],"version-history":[{"count":13,"href":"https:\/\/www.capoeira.lv\/index.php?rest_route=\/wp\/v2\/pages\/5\/revisions"}],"predecessor-version":[{"id":229,"href":"https:\/\/www.capoeira.lv\/index.php?rest_route=\/wp\/v2\/pages\/5\/revisions\/229"}],"wp:attachment":[{"href":"https:\/\/www.capoeira.lv\/index.php?rest_route=%2Fwp%2Fv2%2Fmedia&parent=5"}],"curies":[{"name":"wp","href":"https:\/\/api.w.org\/{rel}","templated":true}]}}